{"id":23,"date":"2017-02-21T22:30:19","date_gmt":"2017-02-21T21:30:19","guid":{"rendered":"http:\/\/www.faciafusta.fr\/?page_id=23"},"modified":"2026-02-03T16:07:22","modified_gmt":"2026-02-03T15:07:22","slug":"calendrier","status":"publish","type":"page","link":"https:\/\/www.faciafusta.fr\/?page_id=23","title":{"rendered":"Calendrier"},"content":{"rendered":"\n<p class=\"has-vivid-purple-color has-text-color has-large-font-size\">Prestations 2026<\/p>\n\n\n\n<p class=\"has-vivid-red-color has-text-color\">DOURDAN  : 6 et 7 juin 2026<\/p>\n\n\n\n<p class=\"has-vivid-purple-color has-text-color\">GANNAT  : 11 et 12 juillet 2026<\/p>\n\n\n\n<p class=\"has-text-color\" style=\"color:#17d58f\">MONTFLANQUIN  : 15 et 16 ao\u00fbt 2026<\/p>\n\n\n\n<p>PELAUDES  : 12 et 13 septembre 2026<\/p>\n\n\n\n<p class=\"has-large-font-size\"><strong><mark style=\"background-color:rgba(0, 0, 0, 0)\" class=\"has-inline-color has-luminous-vivid-amber-color\">Prestations 2025<\/mark><\/strong><\/p>\n\n\n\n<p><mark style=\"background-color:rgba(0, 0, 0, 0)\" class=\"has-inline-color has-vivid-green-cyan-color\"> <strong>Maringues (63) : 20 F\u00e9vrier 2025 (animation maison retrait\u00e9s apr\u00e8s-midi)<\/strong><\/mark><\/p>\n\n\n\n<p><strong>Aigueperse (63) : 27 F\u00e9vrier 2025 initiation aux danses M\u00e9di\u00e9vales aux enfants <\/strong><\/p>\n\n\n\n<p><mark style=\"background-color:rgba(0, 0, 0, 0)\" class=\"has-inline-color has-vivid-cyan-blue-color\"><strong>Montferrand (63) :7 et 8 juin 2025<\/strong><\/mark><\/p>\n\n\n\n<p><strong><mark style=\"background-color:rgba(0, 0, 0, 0)\" class=\"has-inline-color has-vivid-purple-color\">Ch\u00e2teauguay (63)  : 9 juillet 2025<\/mark><\/strong><\/p>\n\n\n\n<p>Gannat (63)           : 12 et 13 juillet 2025<\/p>\n\n\n\n<p class=\"has-vivid-green-cyan-color has-text-color\">Pelaudes (42)        : 12,13 et 14 septembre 2025<\/p>\n\n\n\n\n\n<h2 class=\"wp-block-heading\"><strong><mark style=\"background-color:rgba(0, 0, 0, 0)\" class=\"has-inline-color has-vivid-cyan-blue-color\">Prestations 2024<\/mark><\/strong><\/h2>\n\n\n\n<p><strong>Montferrand (63)    : 31 Mai soir\u00e9e(Bal) 1 et 2 juin 2024<\/strong><\/p>\n\n\n\n<p><strong><mark style=\"background-color:rgba(0, 0, 0, 0)\" class=\"has-inline-color has-luminous-vivid-amber-color\">Marsat   (63)           : 15 et 16 juin 2024<\/mark><\/strong><\/p>\n\n\n\n<p><strong>Ch\u00e2teaugay (63)     : 07 juillet 2024<\/strong><\/p>\n\n\n\n<p><strong><mark style=\"background-color:rgba(0, 0, 0, 0)\" class=\"has-inline-color has-vivid-green-cyan-color\">Murol (63)              : 18 juillet 2024  (animation repas du soir)<\/mark><\/strong><\/p>\n\n\n\n<p><strong>All\u00e8gre (63)            : 20 et 21 juillet 202<\/strong>4<\/p>\n\n\n\n<p><strong><mark style=\"background-color:rgba(0, 0, 0, 0)\" class=\"has-inline-color has-vivid-green-cyan-color\">Murol (63)              : 02 ao\u00fbt 2024  (animation repas du soir)<\/mark><\/strong><\/p>\n\n\n\n<p><strong><mark style=\"background-color:rgba(0, 0, 0, 0)\" class=\"has-inline-color has-vivid-cyan-blue-color\">Souvigny (03)         : 10 et 11 ao\u00fbt 2024<\/mark><\/strong><\/p>\n\n\n\n<p><mark style=\"background-color:rgba(0, 0, 0, 0)\" class=\"has-inline-color has-vivid-purple-color\"><strong>Le Puy en Velay       : 20 ( au soir) 21 et 22 septembre 2024<\/strong><\/mark><\/p>\n\n\n\n<p>Prestations 2023<\/p>\n\n\n\n<p>C\u00e9bazat (63)         : 29 avril 2023<\/p>\n\n\n\n<p>Dourdan (91)        : 3 et 4 juin 2023<\/p>\n\n\n\n<p>Mareugheol (63)   : 23 juillet 2023        <\/p>\n\n\n\n<p>Monflanquin (47)  : 14 et 15 ao\u00fbt 2023<\/p>\n\n\n<h1>Prestation 2022<\/h1>\n<p>4 et 5 Juin 2022 : Dourdan (91)<\/p>\n<p>24 juin 2022&nbsp; : H\u00e9risson (03)<\/p>\n<p>25 et 26 juin 2022 : Marsat (63)<\/p>\n<p>3 juillet 2022 : Ch\u00e2teaugay (63)<\/p>\n<p>7 juillet 2022 : Belves (24)<\/p>\n<p>13, 14 et 15 ao\u00fbt 2022 : Monflanquin (47)<\/p>\n<h2>Vous nous avez d\u00e9j\u00e0 vu :<\/h2>\n<ul>\n<li>en 2019 \u00e0 C\u00e9bazat (63) , \u00e0 Dourdan, au Broc (63), \u00e0 Issigeac (24) et \u00e0 Monflanquin (47)<\/li>\n<li>en 2018 \u00e0 Clermont-Ferrand pour la nuit de la lecture, \u00e0 Dourdan, \u00e0 Rocamadour, \u00e0 Monflanquin et \u00e0 Gu\u00e9r\u00eat.<\/li>\n<li>en 2017 \u00e0 Manglieu, \u00e0 Clermont-Ferrand pour la f\u00eate de la musique, \u00e0 Rocamadour, Montaigut-en-Combraille, \u00e0 Souvigny, et \u00e0 Monflanquin.<\/li>\n<li>en 2016 \u00e0 Bonson, \u00e0 Moulins avec la Maisnie de Montferrand, \u00e0 Tallende, \u00e0 Rocamadour, \u00e0 Rochebaron \u00e0 Belves et au Puy en Velay.<\/li>\n<li>en 2015, \u00e0 Clermont-Ferrand, \u00e0 Murol, \u00e0 Linac, \u00e0 Manglieu, \u00e0 Rocamadour, \u00e0 Vulcania et \u00e0 Laroquebrou.<\/li>\n<li>en 2014 \u00e0 Montferrand, Provins, Saint-Saturnin, Rochebaron, et au Puy en Velay.<\/li>\n<\/ul>\n\n\n<h2 class=\"wp-block-heading\"><\/h2>\n\n\n\n<p><\/p>\n","protected":false},"excerpt":{"rendered":"<p>Prestations 2026 DOURDAN : 6 et 7 juin 2026 GANNAT : 11 et 12 juillet 2026 MONTFLANQUIN : 15 et 16 ao\u00fbt 2026 PELAUDES : 12 et 13 septembre 2026 Prestations 2025 Maringues (63) : 20 F\u00e9vrier 2025 (animation maison retrait\u00e9s apr\u00e8s-midi) Aigueperse (63) : 27 F\u00e9vrier 2025 initiation aux danses M\u00e9di\u00e9vales aux enfants Montferrand<span class=\"read-more-wrap\"><a class=\"moretag\" href=\"https:\/\/www.faciafusta.fr\/?page_id=23\">Lire la suite<span class=\"screen-reader-text\">Calendrier<\/span><\/a><\/span><\/p>\n","protected":false},"author":1,"featured_media":0,"parent":0,"menu_order":0,"comment_status":"closed","ping_status":"closed","template":"","meta":[],"_links":{"self":[{"href":"https:\/\/www.faciafusta.fr\/index.php?rest_route=\/wp\/v2\/pages\/23"}],"collection":[{"href":"https:\/\/www.faciafusta.fr\/index.php?rest_route=\/wp\/v2\/pages"}],"about":[{"href":"https:\/\/www.faciafusta.fr\/index.php?rest_route=\/wp\/v2\/types\/page"}],"author":[{"embeddable":true,"href":"https:\/\/www.faciafusta.fr\/index.php?rest_route=\/wp\/v2\/users\/1"}],"replies":[{"embeddable":true,"href":"https:\/\/www.faciafusta.fr\/index.php?rest_route=%2Fwp%2Fv2%2Fcomments&post=23"}],"version-history":[{"count":42,"href":"https:\/\/www.faciafusta.fr\/index.php?rest_route=\/wp\/v2\/pages\/23\/revisions"}],"predecessor-version":[{"id":478,"href":"https:\/\/www.faciafusta.fr\/index.php?rest_route=\/wp\/v2\/pages\/23\/revisions\/478"}],"wp:attachment":[{"href":"https:\/\/www.faciafusta.fr\/index.php?rest_route=%2Fwp%2Fv2%2Fmedia&parent=23"}],"curies":[{"name":"wp","href":"https:\/\/api.w.org\/{rel}","templated":true}]}}